{"id":2,"date":"2020-02-10T18:32:17","date_gmt":"2020-02-10T17:32:17","guid":{"rendered":"http:\/\/www.pensionchatlandes.fr\/?page_id=2"},"modified":"2022-10-12T16:22:52","modified_gmt":"2022-10-12T14:22:52","slug":"conditions-d-admission","status":"publish","type":"page","link":"https:\/\/www.pensionchatlandes.fr\/index.php\/conditions-d-admission\/","title":{"rendered":"Conditions d&rsquo;admission"},"content":{"rendered":"\n<p>Nous vous conseillons vivement de lui administrer 15 jours minimum avant son s\u00e9jour le traitement ANXIVET ou ZYLKENE, ces compl\u00e9ments alimentaires diminuent les effets des perturbations \u00e9motionnelles et permettent une action apaisante sans effet s\u00e9dative. Nous continuerons \u00e0 lui administrer durant son s\u00e9jour, soit dans ses croquettes ou dans ses sachets fra\u00eecheurs. Ces compl\u00e9ments disponibles sans ordonnance se trouvent soit chez votre v\u00e9t\u00e9rinaire, en pharmacie ou directement commandable en ligne sur les diff\u00e9rents sites internet tel que : <\/p>\n\n\n\n<p><a href=\"https:\/\/www.lacompagniedesanimaux.com\/anxivet-250mg-28ui-30-gelules.html\">https:\/\/www.lacompagniedesanimaux.com\/anxivet-250mg-28ui-30-gelules.html<\/a><\/p>\n\n\n\n<p><a href=\"https:\/\/www.zooplus.fr\/shop\/chiens\/complements_alimentaires_chien\/anti_stress_chien\/614538\">https:\/\/www.zooplus.fr\/shop\/chiens\/complements_alimentaires_chien\/anti_stress_chien\/614538<\/a><\/p>\n\n\n\n<p>Une de nos pensionnaires anxieuse de nature avait le traitement ANXIVET avant son s\u00e9jour,  nous avons continu\u00e9 \u00e0 lui donner durant son s\u00e9jour et les r\u00e9sultats sont l\u00e0 ! Un article sur ce compl\u00e9ment alimentaire : <a href=\"https:\/\/www.dogteur.com\/conseil-veterinaire\/on-a-teste-les-gelules-anxivet.html\">https:\/\/www.dogteur.com\/conseil-veterinaire\/on-a-teste-les-gelules-anxivet.html<\/a><\/p>\n\n\n\n<p>Pour garantir le bien-\u00eatre et la sant\u00e9 des chats, tous nos h\u00f4tes doivent \u00eatre :<\/p>\n\n\n\n<ul class=\"wp-block-list\"><li>identifi\u00e9s par une puce ou un tatouage,<\/li><li>castr\u00e9s \/ st\u00e9rilis\u00e9s,<\/li><li>\u00e0 jour de leurs vaccins contre le typhus, le coryza et la leucose (RCP et Felv)<\/li><li>vermifug\u00e9s depuis moins de deux mois,<\/li><li>trait\u00e9s contre les puces et tiques juste avant leurs arriv\u00e9es,<\/li><li>indemne de maladies contagieuses,<\/li><li>ne pas \u00eatre atteint du FIV (sida du chat) ou du FeLV (leucose).<\/li><\/ul>\n\n\n\n<figure class=\"wp-block-image size-large\"><img loading=\"lazy\" decoding=\"async\" width=\"1024\" height=\"576\" src=\"https:\/\/www.pensionchatlandes.fr\/wp-content\/uploads\/2020\/07\/ch-10-tina-1024x576.jpg\" alt=\"\" class=\"wp-image-472\" srcset=\"https:\/\/www.pensionchatlandes.fr\/wp-content\/uploads\/2020\/07\/ch-10-tina-1024x576.jpg 1024w, https:\/\/www.pensionchatlandes.fr\/wp-content\/uploads\/2020\/07\/ch-10-tina-300x169.jpg 300w, https:\/\/www.pensionchatlandes.fr\/wp-content\/uploads\/2020\/07\/ch-10-tina-768x432.jpg 768w, https:\/\/www.pensionchatlandes.fr\/wp-content\/uploads\/2020\/07\/ch-10-tina-1536x864.jpg 1536w, https:\/\/www.pensionchatlandes.fr\/wp-content\/uploads\/2020\/07\/ch-10-tina-2048x1152.jpg 2048w, https:\/\/www.pensionchatlandes.fr\/wp-content\/uploads\/2020\/07\/ch-10-tina-995x560.jpg 995w, https:\/\/www.pensionchatlandes.fr\/wp-content\/uploads\/2020\/07\/ch-10-tina-2000x1125.jpg 2000w\" sizes=\"auto, (max-width: 1024px) 100vw, 1024px\" \/><\/figure>\n\n\n\n<p>Vous remplissez pour chaque chat une fiche d&rsquo;enregistrement qui nous permettra de mieux le connaitre et rendre son s\u00e9jour le plus agr\u00e9able possible.<\/p>\n\n\n\n<p>Avant son s\u00e9jour nous discutons ensemble des d\u00e9tails du s\u00e9jour, des habitudes de votre chat (alimentation, rythmes, pr\u00e9f\u00e9rences, caract\u00e8re &#8230;).<\/p>\n\n\n\n<p>Chaque chat pouvant r\u00e9agir diff\u00e9remment \u00e0 changer de lieu de r\u00e9sidence, nous pourrions \u00eatre amener en cas de d\u00e9tresse de votre chat chat d\u00fb \u00e0 son stress aigu \u00e0 lui administrer avec consultation de notre v\u00e9t\u00e9rinaire un traitement apaisant \u00e0 int\u00e9grer dans sa nourriture. Dans pareil cas vous en serez inform\u00e9 et ce traitement restera \u00e0 votre charge. <\/p>\n","protected":false},"excerpt":{"rendered":"<p>Nous vous conseillons vivement de lui administrer 15 jours minimum avant son s\u00e9jour le traitement ANXIVET ou ZYLKENE, ces compl\u00e9ments alimentaires diminuent les effets des perturbations \u00e9motionnelles et permettent une action apaisante sans effet s\u00e9dative. Nous continuerons \u00e0 lui administrer durant son s\u00e9jour, soit dans ses croquettes ou dans ses sachets fra\u00eecheurs. Ces compl\u00e9ments disponibles &hellip; <a href=\"https:\/\/www.pensionchatlandes.fr\/index.php\/conditions-d-admission\/\" class=\"more-link\">Continue reading<span class=\"screen-reader-text\"> \u00ab\u00a0Conditions d&rsquo;admission\u00a0\u00bb<\/span><\/a><\/p>\n","protected":false},"author":1,"featured_media":470,"parent":0,"menu_order":0,"comment_status":"closed","ping_status":"open","template":"","meta":{"footnotes":""},"class_list":["post-2","page","type-page","status-publish","has-post-thumbnail","hentry"],"_links":{"self":[{"href":"https:\/\/www.pensionchatlandes.fr\/index.php\/wp-json\/wp\/v2\/pages\/2","targetHints":{"allow":["GET"]}}],"collection":[{"href":"https:\/\/www.pensionchatlandes.fr\/index.php\/wp-json\/wp\/v2\/pages"}],"about":[{"href":"https:\/\/www.pensionchatlandes.fr\/index.php\/wp-json\/wp\/v2\/types\/page"}],"author":[{"embeddable":true,"href":"https:\/\/www.pensionchatlandes.fr\/index.php\/wp-json\/wp\/v2\/users\/1"}],"replies":[{"embeddable":true,"href":"https:\/\/www.pensionchatlandes.fr\/index.php\/wp-json\/wp\/v2\/comments?post=2"}],"version-history":[{"count":2,"href":"https:\/\/www.pensionchatlandes.fr\/index.php\/wp-json\/wp\/v2\/pages\/2\/revisions"}],"predecessor-version":[{"id":2086,"href":"https:\/\/www.pensionchatlandes.fr\/index.php\/wp-json\/wp\/v2\/pages\/2\/revisions\/2086"}],"wp:featuredmedia":[{"embeddable":true,"href":"https:\/\/www.pensionchatlandes.fr\/index.php\/wp-json\/wp\/v2\/media\/470"}],"wp:attachment":[{"href":"https:\/\/www.pensionchatlandes.fr\/index.php\/wp-json\/wp\/v2\/media?parent=2"}],"curies":[{"name":"wp","href":"https:\/\/api.w.org\/{rel}","templated":true}]}}