{"id":578,"date":"2020-08-22T13:53:00","date_gmt":"2020-08-22T11:53:00","guid":{"rendered":"http:\/\/www.pensionchatlandes.fr\/?page_id=578"},"modified":"2023-11-28T12:33:47","modified_gmt":"2023-11-28T11:33:47","slug":"conseils-avant-et-pendant-son-sejour","status":"publish","type":"page","link":"https:\/\/www.pensionchatlandes.fr\/index.php\/conseils-avant-et-pendant-son-sejour\/","title":{"rendered":"Conseils avant et pendant son s\u00e9jour"},"content":{"rendered":"\n<p>Nous vous conseillons vivement de lui administrer 15 jours minimum avant son s\u00e9jour le traitement ALPHAZIUM5 (le plus efficace), ANXIVET ou ZYLKENE 75 MG, ces compl\u00e9ments alimentaires diminuent les effets des perturbations \u00e9motionnelles et permettent une action apaisante sans effet s\u00e9dative. Nous continuerons \u00e0 lui administrer durant son s\u00e9jour soit dans ses croquettes ou dans ses sachets fra\u00eecheurs. Ces compl\u00e9ments disponibles sans ordonnance se trouvent soit chez votre v\u00e9t\u00e9rinaire, en pharmacie ou directement commandable en ligne sur les diff\u00e9rents sites internet tel que : <\/p>\n\n\n\n<p><a href=\"https:\/\/www.lacompagniedesanimaux.com\/anxivet-250mg-28ui-30-gelules.html\">https:\/\/www.lacompagniedesanimaux.com\/anxivet-250mg-28ui-30-gelules.html<\/a><\/p>\n\n\n\n<p><a href=\"https:\/\/www.lacompagniedesanimaux.com\/zylkene-75-mg-30-gelules.html\">https:\/\/www.lacompagniedesanimaux.com\/zylkene-75-mg-30-gelules.html<\/a><\/p>\n\n\n\n<p><a href=\"https:\/\/www.zooplus.fr\/shop\/chiens\/complements_alimentaires_chien\/anti_stress_chien\/614538\">https:\/\/www.zooplus.fr\/shop\/chiens\/complements_alimentaires_chien\/anti_stress_chien\/614538<\/a><\/p>\n\n\n\n<figure><iframe loading=\"lazy\" width=\"560\" height=\"315\" src=\"https:\/\/www.youtube.com\/embed\/47IFIk5qElw\" allowfullscreen=\"\"><\/iframe><\/figure>\n\n\n\n<p>Une de nos pensionnaires anxieuse de nature avait le traitement ANXIVET avant son s\u00e9jour,  nous avons continu\u00e9 \u00e0 lui donner durant son s\u00e9jour et les r\u00e9sultats sont l\u00e0 ! Un article sur ce compl\u00e9ment alimentaire : <a href=\"https:\/\/www.dogteur.com\/conseil-veterinaire\/on-a-teste-les-gelules-anxivet.html\">https:\/\/www.dogteur.com\/conseil-veterinaire\/on-a-teste-les-gelules-anxivet.html<\/a><\/p>\n\n\n\n<p>Afin que votre ou vos chats s&rsquo;accoutument \u00e0 leur cage de transport, nous vous recommandons de mettre chez vous celle-ci \u00e0 c\u00f4t\u00e9 de ses gamelles quelques jours avant son s\u00e9jour et d&rsquo;y mettre \u00e0 l\u2019int\u00e9rieur un jouet avec lequel il \u00e0 l&rsquo;habitude de jouer. <\/p>\n\n\n\n<p>Apportez une couverture ou une pani\u00e8re sur laquelle il a l&rsquo;habitude de se mettre et un t-shirt avec vos odeurs est r\u00e9confortant pour lui.<\/p>\n\n\n\n<p>Un demi (nous avons un r\u00e9frig\u00e9rateur pour conserver l&rsquo;autre moiti\u00e9) ou un sachet fra\u00eecheur, ou petite bo\u00eete de thon \u00e0 lui donner le soir est un plus, cela fait un rituel appr\u00e9ci\u00e9 autant par votre chat que nous.  On cr\u00e9\u00e9 un moment qu&rsquo;il attendra avec impatience et permet de renforcer nos liens. D&rsquo;autres ont aussi des friandises type Catisfactions&#8230; Un petit extra n&rsquo;a jamais fait de mal \u00e0 personne durant les vacances \ud83d\ude09 <\/p>\n\n\n\n<p>Nous vous rappelons que l&rsquo;alimentation n&rsquo;est pas fournie.<\/p>\n\n\n\n<p>Nous fournissons la liti\u00e8re, elle est v\u00e9g\u00e9tale; se sont des copeaux de bois ultra absorbants. Pratique et \u00e9cologique ;-)(<a href=\"https:\/\/www.zooplus.fr\/shop\/chats\/litiere_chat\/litiere_cats_best_chat\/litiere\/15759\">https:\/\/www.zooplus.fr\/shop\/chats\/litiere_chat\/litiere_cats_best_chat\/litiere\/15759<\/a>)<\/p>\n\n\n\n<p><\/p>\n","protected":false},"excerpt":{"rendered":"<p>Nous vous conseillons vivement de lui administrer 15 jours minimum avant son s\u00e9jour le traitement ALPHAZIUM5 (le plus efficace), ANXIVET ou ZYLKENE 75 MG, ces compl\u00e9ments alimentaires diminuent les effets des perturbations \u00e9motionnelles et permettent une action apaisante sans effet s\u00e9dative. Nous continuerons \u00e0 lui administrer durant son s\u00e9jour soit dans ses croquettes ou dans &hellip; <a href=\"https:\/\/www.pensionchatlandes.fr\/index.php\/conseils-avant-et-pendant-son-sejour\/\" class=\"more-link\">Continue reading<span class=\"screen-reader-text\"> \u00ab\u00a0Conseils avant et pendant son s\u00e9jour\u00a0\u00bb<\/span><\/a><\/p>\n","protected":false},"author":1,"featured_media":0,"parent":0,"menu_order":0,"comment_status":"closed","ping_status":"closed","template":"","meta":{"footnotes":""},"class_list":["post-578","page","type-page","status-publish","hentry"],"_links":{"self":[{"href":"https:\/\/www.pensionchatlandes.fr\/index.php\/wp-json\/wp\/v2\/pages\/578","targetHints":{"allow":["GET"]}}],"collection":[{"href":"https:\/\/www.pensionchatlandes.fr\/index.php\/wp-json\/wp\/v2\/pages"}],"about":[{"href":"https:\/\/www.pensionchatlandes.fr\/index.php\/wp-json\/wp\/v2\/types\/page"}],"author":[{"embeddable":true,"href":"https:\/\/www.pensionchatlandes.fr\/index.php\/wp-json\/wp\/v2\/users\/1"}],"replies":[{"embeddable":true,"href":"https:\/\/www.pensionchatlandes.fr\/index.php\/wp-json\/wp\/v2\/comments?post=578"}],"version-history":[{"count":3,"href":"https:\/\/www.pensionchatlandes.fr\/index.php\/wp-json\/wp\/v2\/pages\/578\/revisions"}],"predecessor-version":[{"id":2311,"href":"https:\/\/www.pensionchatlandes.fr\/index.php\/wp-json\/wp\/v2\/pages\/578\/revisions\/2311"}],"wp:attachment":[{"href":"https:\/\/www.pensionchatlandes.fr\/index.php\/wp-json\/wp\/v2\/media?parent=578"}],"curies":[{"name":"wp","href":"https:\/\/api.w.org\/{rel}","templated":true}]}}