{"id":66,"date":"2020-02-11T22:03:14","date_gmt":"2020-02-11T21:03:14","guid":{"rendered":"http:\/\/www.pensionchatlandes.fr\/?page_id=66"},"modified":"2026-01-23T13:54:52","modified_gmt":"2026-01-23T12:54:52","slug":"reservation-pension-chat","status":"publish","type":"page","link":"https:\/\/www.pensionchatlandes.fr\/index.php\/reservation-pension-chat\/","title":{"rendered":"Tarifs \/ Dispos \/ R\u00e9servation"},"content":{"rendered":"\n<p>Une formule confort comprend dans le tarif :<\/p>\n\n\n\n<ul class=\"wp-block-list\">\n<li>le s\u00e9jour en chambre privative pouvant \u00eatre partag\u00e9 uniquement avec des chats de la m\u00eame famille,<\/li>\n\n\n\n<li>chauffage en hiver,<\/li>\n\n\n\n<li>climatisation naturelle en \u00e9t\u00e9 ( 24 \u00b0C \u00e0 l&rsquo;int\u00e9rieur avec fen\u00eatres ouvertes et temp\u00e9rature ext\u00e9rieure de 40\u00b0C!), <\/li>\n\n\n\n<li>un brossage hebdomadaire (si votre chat est enclin \u00e0 se laisser faire pour ne pas le stresser; merci de fournir peignes et brosses),<\/li>\n\n\n\n<li>nettoyage des yeux si n\u00e9cessaire (merci de fournir disques d\u00e9maquillant et lotion oculaire), <\/li>\n\n\n\n<li>administration de traitement simple,<\/li>\n\n\n\n<li>des jouets (n&rsquo;h\u00e9sitez pas a apporter les v\u00f4tres, c&rsquo;est toujours mieux \ud83d\ude09 ), <\/li>\n\n\n\n<li>arbre \u00e0 chats, plateformes et griffoirs pour son bien-\u00eatre et son divertissement, <\/li>\n\n\n\n<li>liti\u00e8re v\u00e9g\u00e9tale agglom\u00e9rante de qualit\u00e9,<\/li>\n\n\n\n<li>et bien s\u00fbr&#8230; c\u00e2lins et caresses !  <\/li>\n\n\n\n<li>Et pour chacune des chambres avec jardin, un espace ext\u00e9rieur privatif s\u00e9curis\u00e9 de 6 m\u00b2 aux normes (grilles chenil maille 5&#215;5, panneaux serrurier maille 5&#215;5 pour le dessus) avec pelouse synth\u00e9tique confortable et de qualit\u00e9, banc de repos et plateformes d&rsquo;observation.<\/li>\n<\/ul>\n\n\n\n<p><strong>Nos tarifs ci dessous s&rsquo;entendent pour une arriv\u00e9e l&rsquo;apr\u00e8s-midi et un d\u00e9part le matin comme dans un h\u00f4tel. Arriv\u00e9es sur rendez-vous de 17h00 \u00e0 18h30 du lundi au vendredi et de 15h30 \u00e0 17h00 sur rendez-vous les samedis. D\u00e9parts sur rendez-vous de 10h00 \u00e0 11h45 <\/strong>du lundi au samedi<strong>. Ferm\u00e9 \u00e0 l&rsquo;accueil des clients  les dimanches et les jours f\u00e9ri\u00e9s.<\/strong><\/p>\n\n\n\n<p><em><strong>N.B<\/strong>&nbsp;: Il est toutefois possible avec un suppl\u00e9ment<\/em> <em>(prix d&rsquo;une nuit\u00e9e), \u00e0 choisir lors de la r\u00e9servation, de d\u00e9poser votre<\/em> <em>\/ vos chat(s) le matin sur rendez-vous de 10h00 \u00e0 11h45 les jours d&rsquo;ouverture, et de le(s) r\u00e9cup\u00e9rer l\u2019apr\u00e8s-midi sur rendez-vous de 17h00 \u00e0 18h30 du lundi au vendredi et de 15h30 \u00e0 17h00 les samedis.<\/em> <\/p>\n\n\n\n<p class=\"has-text-color\" style=\"color:#f60d0d\"> <strong>N.b :<\/strong> Pour <strong>toutes<\/strong> <strong>p\u00e9riodes de vacances scolaires<\/strong> de la zone A<strong> et les mois de juin et septembre un minimum de 5 nuits est n\u00e9cessaire pour pouvoir effectuer une r\u00e9servation<\/strong>. <\/p>\n\n\n\n<p class=\"has-text-align-left\"><strong>Tarif pour 1 chat par nuit\u00e9e :<\/strong><\/p>\n\n\n\n<ul class=\"wp-block-list\">\n<li>11 \u20ac en chambre privative de 4 m\u00b2 sans jardin (maxi 3 nuits)<\/li>\n\n\n\n<li>13 \u20ac en chambre privative de 9 m\u00b2 sans jardin<\/li>\n\n\n\n<li>14 \u20ac en chambre privative de 4 m\u00b2 avec jardin de 6 m\u00b2<\/li>\n\n\n\n<li>16 \u20ac en chambre privative de 6 m\u00b2 avec jardin de 6 m\u00b2<\/li>\n<\/ul>\n\n\n\n<p class=\"has-text-align-left\"><strong>Tarif pour 2 chats par nuit\u00e9e :<\/strong><\/p>\n\n\n\n<ul class=\"wp-block-list\">\n<li>16 \u20ac en chambre privative de 4 m\u00b2 sans jardin<\/li>\n\n\n\n<li>18 \u20ac en chambre privative de 9 m\u00b2 sans jardin<\/li>\n\n\n\n<li>20 \u20ac en chambre privative de 4 m\u00b2 avec jardin de 6 m\u00b2<\/li>\n\n\n\n<li>22 \u20ac en chambre privative de 6 m\u00b2 avec jardin de 6 m\u00b2<\/li>\n<\/ul>\n\n\n\n<p class=\"has-text-align-left\"><strong>Tarif pour 3 chats par nuit\u00e9e :<\/strong><\/p>\n\n\n\n<ul class=\"wp-block-list\">\n<li>23 \u20ac en chambre privative de 9 m\u00b2 sans jardin<\/li>\n\n\n\n<li>28 \u20ac en chambre privative de 6 m\u00b2 avec jardin de 6 m\u00b2<\/li>\n<\/ul>\n\n\n\n<p class=\"has-text-align-left\"><strong>Tarif pour 4 chats par nuit\u00e9e :<\/strong><\/p>\n\n\n\n<ul class=\"wp-block-list\">\n<li>28 \u20ac en chambre privative de 9 m\u00b2 sans jardin<\/li>\n<\/ul>\n\n\n\n<p class=\"has-text-align-center has-color-2-color has-text-color has-link-color wp-elements-7d08af18f0a4546d6ba80b28156a28b8\" style=\"font-style:normal;font-weight:600\"><em>B\u00e9n\u00e9ficiez de 10% de remise pour tout s\u00e9jour sup\u00e9rieur ou \u00e9gal \u00e0 21 jours cons\u00e9cutifs sur la m\u00eame chambre.<\/em><\/p>\n\n\n\n<p><mark style=\"background-color:rgba(0, 0, 0, 0);color:#e80c2a\" class=\"has-inline-color\"><strong>Dur\u00e9e minimum de s\u00e9jour : Durant les vacances scolaires de la zone A (voir ci dessous) et les mois de juin et septembre, il faut un minimum de 5 nuits pour pouvoir r\u00e9server<\/strong>&nbsp;<strong>une chambre avec jardin<\/strong><\/mark>.<\/p>\n\n\n\n<p><strong>IMPORTANT<\/strong> : Les r\u00e9servations de pension pour chats portent sur des dates d\u00e9termin\u00e9es et sont fermes et d\u00e9finitives. Conform\u00e9ment au Code de la consommation, aucun droit de r\u00e9tractation ne s\u2019applique, que le contrat soit conclu en ligne ou directement \u00e0 la pension.<\/p>\n\n\n\n<p>Lors de la r\u00e9servation, le client peut choisir de souscrire \u00e0 une <strong>assurance annulation<\/strong>. Dans ce cas, le client laisse un <strong>ch\u00e8que correspondant \u00e0 l\u2019int\u00e9gralit\u00e9 du s\u00e9jour<\/strong> (qui <strong>n\u2019est encaiss\u00e9 qu\u2019\u00e0 l\u2019arriv\u00e9e ou en cas d\u2019annulation<\/strong>). Il re\u00e7oit ensuite un <strong>lien par mail<\/strong> pour finaliser la souscription <strong>en ligne directement aupr\u00e8s du prestataire d\u2019assurance<\/strong>. Le client dispose de <strong>7 jours \u00e0 compter de la r\u00e9ception du mail<\/strong> pour souscrire.<\/p>\n\n\n\n<p>Cette assurance <strong>permet au client d\u2019\u00eatre rembours\u00e9 \u00e0 hauteur de 90 % du prix du s\u00e9jour<\/strong>, sans avoir \u00e0 fournir de motif. Pour que l\u2019assurance puisse \u00eatre mise en \u0153uvre, le client doit <strong>pr\u00e9venir l\u2019\u00e9tablissement au moins 72 heures avant la date d\u2019arriv\u00e9e pr\u00e9vue au contrat<\/strong>. Le co\u00fbt de l\u2019assurance est au 15\/09\/2025 de <strong>12,6 % du prix du s\u00e9jour<\/strong>.<\/p>\n\n\n\n<p>Des arrhes seront \u00e0 r\u00e9gler (sauf mention contraire de notre part par \u00e9crit) pour toute r\u00e9servation ferme, ils correspondent \u00e0 100% du prix total du s\u00e9jour. Vous pouvez \u00e9galement nous laisser un ch\u00e8que de 100% du prix du s\u00e9jour, il ne sera encaiss\u00e9 qu&rsquo;\u00e0 votre arriv\u00e9e ou en cas d&rsquo;annulation (m\u00e9thode \u00e0 privil\u00e9gier si possible)  <\/p>\n\n\n\n<p>Les arrhes ne feront l\u2019objet d\u2019aucun remboursement ni avoir en cas d\u2019annulation du s\u00e9jour initialement programm\u00e9 et ce quel que soit le motif.<\/p>\n\n\n\n<p>Toute demande d\u2019annulation devra \u00eatre faite par mail \u00e0 pensionchatlandes@gmail.com ET sms.<\/p>\n\n\n\n<p>Le contrat de pension sign\u00e9 devra \u00eatre remis avec les arrhes pour toute confirmation de r\u00e9servation de s\u00e9jour (sauf mention contraire de notre part par \u00e9crit).<\/p>\n\n\n\n<p>Tout s\u00e9jour r\u00e9serv\u00e9 est un s\u00e9jour d\u00fb, m\u00eame si le propri\u00e9taire reprend de mani\u00e8re anticip\u00e9e son animal en cours de s\u00e9jour.<\/p>\n\n\n\n<h2 class=\"wp-block-heading\">Fermetures et horaires sp\u00e9ciaux<\/h2>\n\n\n\n<p>Consultez l&rsquo;onglet <a href=\"https:\/\/www.pensionchatlandes.fr\/index.php\/horaires-de-la-pension-chat\/\" data-type=\"page\" data-id=\"93\">HORAIRES<\/a><\/p>\n\n\n\n<h2 class=\"wp-block-heading\">Les disponibilit\u00e9s des prochaines semaines ou des prochains mois \u2026<\/h2>\n\n\n\n<p class=\"has-text-align-center has-text-color\" style=\"color:#ea0b0b\">Merci de remplir d\u00e9sormais le formulaire de demande en&nbsp;<a href=\"http:\/\/www.pensionchatlandes.fr\/index.php\/reservation-pension-chats-landes\/\">cliquant ici<\/a>, je reviendrai vers vous le plus rapidement possible pour vous dire si vos dates souhait\u00e9es sont disponibles. N.b : consultez au pr\u00e9alable svp les dates de fermeture dans la partie horaires : <a href=\"https:\/\/www.pensionchatlandes.fr\/index.php\/horaires-de-la-pension-chat\/\" data-type=\"page\" data-id=\"93\">HORAIRES<\/a><\/p>\n\n\n\n<p class=\"has-text-color\" style=\"color:#f60909\"><strong>N.b :&nbsp;Pour toutes les p\u00e9riodes de vacances scolaires de la zone A [Bordeaux] et les mois de juin et septembre, un minimum de 5 nuits est n\u00e9cessaire pour pouvoir effectuer une r\u00e9servation<\/strong> (sauf mention contraire) <\/p>\n\n\n\n<p><strong>Ouverture des r\u00e9servations pour des s\u00e9jours jusqu&rsquo;\u00e0 janvier 2027 ! Utilisez le formulaire de demande ci-dessous.<\/strong><\/p>\n\n\n\n<p class=\"has-text-align-center\"><\/p>\n\n\n\n<p><\/p>\n\n\n\n<p>Accueil client ferm\u00e9 les dimanches et les jours f\u00e9ri\u00e9s. Rassurez-vous, nous nous occupons de nos pensionnaires ces jours l\u00e0. Pour \u00e9vier l\u2019embouteillage \u00e0 l\u2019accueil de la pension et vous faire patienter trop longtemps, il faut nous avertir quelques jours \u00e0 l\u2019avance de l\u2019heure approximative de votre arriv\u00e9e ou d\u2019un retard \u00e9ventuel en cours de route\u2026 Les joies des vacances passent aussi par ces al\u00e9as.<\/p>\n\n\n\n<p><strong>N.b : L\u2019alimentation n\u2019est pas inclus, merci de pr\u00e9voir les quantit\u00e9s suffisantes pour la dur\u00e9e du s\u00e9jour<\/strong>; il faut savoir que le changement brutal d\u2019aliment pourrait \u00eatre n\u00e9faste pour votre compagnon (diarrh\u00e9e, vomissent, probl\u00e8me urinaire\u2026). En cas de manque au cours du s\u00e9jour nous ach\u00e8terons l\u2019alimentation \u00e0 identique si possible; \u00e0 ce moment l\u00e0 le client s\u2019engage \u00e0 nous rembourser le prix TTC pay\u00e9 .<\/p>\n\n\n\n<p><strong>Pour ce qui est du traitement parasitaire, si le s\u00e9jour dure plus de 3 semaines il faudra nous fournir les pipettes \u00e0 appliquer sur votre animal<\/strong>&nbsp;pour le prot\u00e9ger des puces et tiques. Exemple de pipette anti puces :<a href=\"https:\/\/www.zooplus.fr\/shop\/chats\/protection_antiparasitaire_chat\/advantage_chat\">https:\/\/www.zooplus.fr\/shop\/chats\/protection_antiparasitaire_chat\/advantage_chat<\/a><\/p>\n\n\n\n<p><mark>Votre animal doit \u00e9galement \u00eatre identifi\u00e9 par puce \u00e9lectronique ou tatouage, vaccin\u00e9 Typhus Coryza Leucose, indemne de maladie contagieuse, non porteur FiV (sida du chat) ou Felv (leucose), st\u00e9rilis\u00e9.<\/mark><\/p>\n\n\n\n<p>Pour vos demandes merci de remplir le formulaire situ\u00e9 en bas de cette page, les infos suivantes vous seront demand\u00e9es :<\/p>\n\n\n\n<ul class=\"wp-block-list\">\n<li>Vos dates et heures souhait\u00e9es d\u2019arriv\u00e9e et de d\u00e9part pour le s\u00e9jour en pension,<\/li>\n\n\n\n<li>coordonn\u00e9es compl\u00e8tes dont num\u00e9ro de t\u00e9l\u00e9phone portable (uniquement si votre \/ vos chat(s) n\u2019est (ne sont) jamais venu \u00e0 la pension),<\/li>\n\n\n\n<li>pr\u00e9nom du ou des chat(s) qui viendront en pension,<\/li>\n\n\n\n<li>nombre de chambre souhait\u00e9e et type (4m\u00b2 avec jardin[Jusqu\u2019\u00e0 2 chats de la m\u00eame famille], 6 m\u00b2 avec jardin [Jusqu\u2019\u00e0 3 chats de la m\u00eame famille],&nbsp; 4m\u00b2 sans jardin, 9 m\u00b2 sans jardin)<\/li>\n\n\n\n<li>pour les nouveaux clients ou nouveaux chats indiquez que votre chat est bien st\u00e9rilis\u00e9, vaccin\u00e9 typhus coryza leucose RCP\/FeLV (Sur le carnet de sant\u00e9 : 2 vignettes par vaccin pour le laboratoire Purevax, 1 Vignette pour le vaccin Leucofeligen du laboratoire Virbac, 2 vignettes pour le vaccin Leucogen et Rcp du laboratoire Virbac), indemne de maladies contagieuses et non porteur du FIV (Sida du chat) et du FeLV (Leucose).<\/li>\n<\/ul>\n\n\n\n<p>Nous reviendrons rapidement vers vous une fois ces informations re\u00e7ues.<\/p>\n\n\n\n<iframe loading=\"lazy\" src=\"https:\/\/docs.google.com\/forms\/d\/e\/1FAIpQLSdx4XVWFsbRZxvh5lo6F6Ry_kI8aoci08rjUFzIvpJ9Qu04qg\/viewform?embedded=true\" width=\"640\" height=\"3414\" frameborder=\"0\" marginheight=\"0\" marginwidth=\"0\">Chargement\u2026<\/iframe>\n\n\n\n<p>N.B : Les r\u00e9servations de pension pour chats portent sur des dates d\u00e9termin\u00e9es et sont fermes et d\u00e9finitives. Conform\u00e9ment au Code de la consommation, aucun droit de r\u00e9tractation ne s\u2019applique, que le contrat soit conclu en ligne ou directement \u00e0 la pension.<\/p>\n\n\n\n<p><strong>Lors de la demande de r\u00e9servation, le client peut choisir de souscrire \u00e0 une assurance annulation. Dans ce cas, le client doit payer l\u2019int\u00e9gralit\u00e9 du s\u00e9jour uniquement en ligne via un lien int\u00e9gr\u00e9 au mail. Il re\u00e7oit ensuite un lien par mail pour finaliser la souscription en ligne directement aupr\u00e8s du prestataire d\u2019assurance. Le client dispose de 7 jours \u00e0 compter de la r\u00e9ception du mail pour souscrire.<\/strong><\/p>\n\n\n\n<p>Cette assurance <strong>permet au client d\u2019\u00eatre rembours\u00e9 \u00e0 hauteur de 80 % du prix du s\u00e9jour<\/strong>, sans avoir \u00e0 fournir de motif. Pour que l\u2019assurance puisse \u00eatre mise en \u0153uvre, le client doit <strong>pr\u00e9venir l\u2019\u00e9tablissement par SMS et par email au moins 72 heures avant la date d\u2019arriv\u00e9e pr\u00e9vue au contrat<\/strong>. Le co\u00fbt de l\u2019assurance est au 15\/09\/2025 de <strong>12,6 % du prix du s\u00e9jour<\/strong>.<\/p>\n\n\n\n<p>Des arrhes seront \u00e0 r\u00e9gler (sauf mention contraire de notre part par \u00e9crit) pour toute r\u00e9servation ferme, ils correspondent \u00e0 100% du prix total du s\u00e9jour. Vous pouvez \u00e9galement nous laisser un ch\u00e8que de 100% du prix du s\u00e9jour, il ne sera encaiss\u00e9 qu&rsquo;\u00e0 votre arriv\u00e9e ou en cas d&rsquo;annulation (m\u00e9thode \u00e0 privil\u00e9gier si possible).<\/p>\n\n\n\n<p>Les arrhes ne feront l\u2019objet d\u2019aucun remboursement ni avoir en cas d\u2019annulation du s\u00e9jour initialement programm\u00e9 et ce quel que soit le motif.<\/p>\n\n\n\n<p>Toute demande d\u2019annulation devra \u00eatre faite par mail \u00e0 pensionchatlandes@gmail.com ET sms.<\/p>\n\n\n\n<p>Le contrat de pension sign\u00e9 devra \u00eatre remis avec les arrhes pour toute confirmation de r\u00e9servation de s\u00e9jour (sauf mention contraire de notre part par \u00e9crit).<\/p>\n\n\n\n<p>Tout s\u00e9jour r\u00e9serv\u00e9 est un s\u00e9jour d\u00fb, m\u00eame si le propri\u00e9taire reprend de mani\u00e8re anticip\u00e9e son animal en cours de s\u00e9jour.<\/p>\n\n\n\n<p class=\"has-text-align-center\">&#8211; &#8211; &#8211; &#8211; &#8211; &#8211; &#8211; &#8211; &#8211; &#8211; <\/p>\n\n\n\n<h2 class=\"wp-block-heading\">Les vacances de la zone A 2025 -2026 et 2026-2027<\/h2>\n\n\n\n<p><mark style=\"background-color:rgba(0, 0, 0, 0);color:#f30d0d\" class=\"has-inline-color\"><strong>N.b :<\/strong> Pour toutes les p\u00e9riodes de vacances scolaires de la zone A [Bordeaux], un minimum de 5 nuits est n\u00e9cessaire pour pouvoir effectuer une r\u00e9servation<\/mark>.<\/p>\n\n\n\n<figure class=\"wp-block-image size-full is-resized\"><img loading=\"lazy\" decoding=\"async\" width=\"740\" height=\"830\" src=\"https:\/\/www.pensionchatlandes.fr\/wp-content\/uploads\/2026\/01\/calendrier-scolaire-2025-2026-119758.jpg\" alt=\"\" class=\"wp-image-2396\" style=\"width:740px;height:auto\" srcset=\"https:\/\/www.pensionchatlandes.fr\/wp-content\/uploads\/2026\/01\/calendrier-scolaire-2025-2026-119758.jpg 740w, https:\/\/www.pensionchatlandes.fr\/wp-content\/uploads\/2026\/01\/calendrier-scolaire-2025-2026-119758-267x300.jpg 267w, https:\/\/www.pensionchatlandes.fr\/wp-content\/uploads\/2026\/01\/calendrier-scolaire-2025-2026-119758-499x560.jpg 499w\" sizes=\"auto, (max-width: 740px) 100vw, 740px\" \/><\/figure>\n\n\n\n<figure class=\"wp-block-image size-full\"><img loading=\"lazy\" decoding=\"async\" width=\"740\" height=\"923\" src=\"https:\/\/www.pensionchatlandes.fr\/wp-content\/uploads\/2026\/01\/calendrier-scolaire-2026-2027-230075.jpg\" alt=\"\" class=\"wp-image-2397\" srcset=\"https:\/\/www.pensionchatlandes.fr\/wp-content\/uploads\/2026\/01\/calendrier-scolaire-2026-2027-230075.jpg 740w, https:\/\/www.pensionchatlandes.fr\/wp-content\/uploads\/2026\/01\/calendrier-scolaire-2026-2027-230075-241x300.jpg 241w, https:\/\/www.pensionchatlandes.fr\/wp-content\/uploads\/2026\/01\/calendrier-scolaire-2026-2027-230075-449x560.jpg 449w\" sizes=\"auto, (max-width: 740px) 100vw, 740px\" \/><\/figure>\n\n\n\n<p class=\"has-text-color\" style=\"color:#ec1f10\">ATTENTION : L&rsquo;alimentation n&rsquo;est pas inclus dans le tarif car chaque chat \u00e0 ses habitudes et un changement brutal de nourriture pourrait nuire de fa\u00e7on pr\u00e9judiciable \u00e0 sa sant\u00e9 et son moral. Il faudra donc apporter son alimentation habituelle en quantit\u00e9 suffisante pour la dur\u00e9e totale du s\u00e9jour. En cas de manque en cours de s\u00e9jour nous ach\u00e8terons un sac \u00e9quivalent ou similaire de croquettes et \/ ou sachets fra\u00eecheur. Ces derniers seront dans ce cas \u00e0 nous rembourser \u00e0 v\u00f4tre retour. <\/p>\n\n\n\n<p><mark style=\"background-color:rgba(0, 0, 0, 0);color:#db2e1f\" class=\"has-inline-color\"><strong>Rappel : nous vous rappelons que votre \/ vos chat(s) doit (doivent) \u00eatre \u00e0 jour de leurs vaccins Typhus Coryza Leucose<\/strong><\/mark> conform\u00e9ment aux conditions d&rsquo;admission. <\/p>\n","protected":false},"excerpt":{"rendered":"<p>Une formule confort comprend dans le tarif : Nos tarifs ci dessous s&rsquo;entendent pour une arriv\u00e9e l&rsquo;apr\u00e8s-midi et un d\u00e9part le matin comme dans un h\u00f4tel. Arriv\u00e9es sur rendez-vous de 17h00 \u00e0 18h30 du lundi au vendredi et de 15h30 \u00e0 17h00 sur rendez-vous les samedis. D\u00e9parts sur rendez-vous de 10h00 \u00e0 11h45 du lundi &hellip; <a href=\"https:\/\/www.pensionchatlandes.fr\/index.php\/reservation-pension-chat\/\" class=\"more-link\">Continue reading<span class=\"screen-reader-text\"> \u00ab\u00a0Tarifs \/ Dispos \/ R\u00e9servation\u00a0\u00bb<\/span><\/a><\/p>\n","protected":false},"author":1,"featured_media":472,"parent":0,"menu_order":0,"comment_status":"closed","ping_status":"closed","template":"","meta":{"footnotes":""},"class_list":["post-66","page","type-page","status-publish","has-post-thumbnail","hentry"],"_links":{"self":[{"href":"https:\/\/www.pensionchatlandes.fr\/index.php\/wp-json\/wp\/v2\/pages\/66","targetHints":{"allow":["GET"]}}],"collection":[{"href":"https:\/\/www.pensionchatlandes.fr\/index.php\/wp-json\/wp\/v2\/pages"}],"about":[{"href":"https:\/\/www.pensionchatlandes.fr\/index.php\/wp-json\/wp\/v2\/types\/page"}],"author":[{"embeddable":true,"href":"https:\/\/www.pensionchatlandes.fr\/index.php\/wp-json\/wp\/v2\/users\/1"}],"replies":[{"embeddable":true,"href":"https:\/\/www.pensionchatlandes.fr\/index.php\/wp-json\/wp\/v2\/comments?post=66"}],"version-history":[{"count":98,"href":"https:\/\/www.pensionchatlandes.fr\/index.php\/wp-json\/wp\/v2\/pages\/66\/revisions"}],"predecessor-version":[{"id":2402,"href":"https:\/\/www.pensionchatlandes.fr\/index.php\/wp-json\/wp\/v2\/pages\/66\/revisions\/2402"}],"wp:featuredmedia":[{"embeddable":true,"href":"https:\/\/www.pensionchatlandes.fr\/index.php\/wp-json\/wp\/v2\/media\/472"}],"wp:attachment":[{"href":"https:\/\/www.pensionchatlandes.fr\/index.php\/wp-json\/wp\/v2\/media?parent=66"}],"curies":[{"name":"wp","href":"https:\/\/api.w.org\/{rel}","templated":true}]}}