{"id":9,"date":"2020-02-10T18:34:31","date_gmt":"2020-02-10T17:34:31","guid":{"rendered":"http:\/\/www.pensionchatlandes.fr\/index.php\/confirmation-de-reservation\/"},"modified":"2025-09-03T19:34:06","modified_gmt":"2025-09-03T17:34:06","slug":"reservation-pension-chats-landes","status":"publish","type":"page","link":"https:\/\/www.pensionchatlandes.fr\/index.php\/reservation-pension-chats-landes\/","title":{"rendered":"Formulaire de demande de r\u00e9servation"},"content":{"rendered":"\n<p>Pour accueillir vos chats \u00e0 leurs arriv\u00e9es, la pension est ouverte les lundis, mercredis, vendredis de 17h00 \u00e0 18h30 sur rendez-vous et le samedi de 15h30 \u00e0 17h00 sur rendez-vous. Ferm\u00e9 les dimanches et les jours f\u00e9ri\u00e9s. Les ouvertures exceptionnelles et nos cong\u00e9s sont mentionn\u00e9s \u00e0 la page : <a href=\"http:\/\/www.pensionchatlandes.fr\/index.php\/horaires-de-la-pension-chat\/\">http:\/\/www.pensionchatlandes.fr\/index.php\/horaires-de-la-pension-chat\/<\/a><\/p>\n\n\n\n<p>Pour rappel les arriv\u00e9es \u00e0 la <a href=\"http:\/\/www.pensionchatlandes.fr\/\">pension pour chats de Gold River<\/a> se font de 17h00 \u00e0 18h30 les lundis, mercredis, vendredi et le samedi de 15h30 \u00e0 17h00. Les d\u00e9parts se font de 10h00 \u00e0 11h45 sur rendez-vous les lundis, mercredis, vendredis et samedis. <\/p>\n\n\n\n<p><strong>N.B<\/strong>&nbsp;: Il est toutefois possible avec un suppl\u00e9ment au tarif d&rsquo;une nuit , \u00e0 choisir lors de la r\u00e9servation, de d\u00e9poser votre chat le matin sur rendez-vous de 10h00 \u00e0 11h45 les lundis, mercredis, vendredis et samedis. P<span style=\"font-size: revert; background-color: #ffffff;\">ossibilit\u00e9 avec un suppl\u00e9ment au tarif d&rsquo;une nuit, \u00e0 choisir lors de la r\u00e9servation, de r\u00e9cup\u00e9rer votre chat l\u2019apr\u00e8s-midi sur rendez-vous de 17h00 \u00e0 18h30 les lundis, mercredi, vendredis et de 15h30 \u00e0 17h00 les samedis sur rendez-vous.<\/span><\/p>\n\n\n\n<p>Accueil client ferm\u00e9 les mardis, jeudis, dimanches et les jours f\u00e9ri\u00e9s. Rassurez-vous, nous nous occupons de nos pensionnaires ces jours l\u00e0. Pour \u00e9vier l&#8217;embouteillage \u00e0 l&rsquo;accueil de la pension et vous faire patienter trop longtemps, il serait souhaitable de nous avertir quelques jours \u00e0 l&rsquo;avance de l&rsquo;heure approximative de votre arriv\u00e9e ou d&rsquo;un retard \u00e9ventuel en cours de route&#8230; Les joies des vacances passent aussi par ces al\u00e9as.<\/p>\n\n\n\n<p><strong>N.b : L&rsquo;alimentation n&rsquo;est pas inclus, merci de pr\u00e9voir les quantit\u00e9s suffisantes pour la dur\u00e9e du s\u00e9jour<\/strong>; il faut savoir que le changement brutal d&rsquo;aliment pourrait \u00eatre n\u00e9faste pour votre compagnon (diarrh\u00e9e, vomissent, probl\u00e8me urinaire&#8230;). En cas de manque au cours du s\u00e9jour nous ach\u00e8terons l&rsquo;alimentation \u00e0 identique si possible; \u00e0 ce moment l\u00e0 le client s&rsquo;engage \u00e0 nous rembourser le prix TTC pay\u00e9 .<\/p>\n\n\n\n<p><strong>Pour ce qui est du traitement parasitaire, si le s\u00e9jour dure plus de 3 semaines il faudra nous fournir les pipettes \u00e0 appliquer sur votre animal<\/strong> pour le prot\u00e9ger des puces et tiques. Exemple de pipette anti puces :<a href=\"https:\/\/www.zooplus.fr\/shop\/chats\/protection_antiparasitaire_chat\/advantage_chat\">https:\/\/www.zooplus.fr\/shop\/chats\/protection_antiparasitaire_chat\/advantage_chat<\/a><\/p>\n\n\n\n<p><mark style=\"background-color: rgba(0, 0, 0, 0);\" class=\"has-inline-color has-color-1-color\">Votre animal doit \u00e9galement \u00eatre identifi\u00e9 par puce \u00e9lectronique ou tatouage, vaccin\u00e9 Typhus Coryza Leucose, indemne de maladie contagieuse, non porteur FiV (sida du chat) ou Felv (leucose), st\u00e9rilis\u00e9. <\/mark><\/p>\n\n\n\n<p>Pour vos demandes merci de remplir le formulaire situ\u00e9 en bas de cette page, les infos suivantes vous seront demand\u00e9es :<\/p>\n\n\n\n<ul class=\"wp-block-list\"><li>Vos dates et heures souhait\u00e9es d\u2019arriv\u00e9e et de d\u00e9part pour le s\u00e9jour en pension,<\/li><li>coordonn\u00e9es compl\u00e8tes dont num\u00e9ro de t\u00e9l\u00e9phone portable (uniquement si votre \/ vos chat(s) n\u2019est (ne sont) jamais venu \u00e0 la pension),<\/li><li>pr\u00e9nom du ou des chat(s) qui viendront en pension,<\/li><li>nombre de chambre souhait\u00e9e et type (4m\u00b2 avec jardin[Jusqu\u2019\u00e0 2 chats de la m\u00eame famille], 6 m\u00b2 avec jardin [Jusqu\u2019\u00e0 3 chats de la m\u00eame famille],&nbsp; 4m\u00b2 sans jardin)<\/li><li>pour les nouveaux clients ou nouveaux chats indiquer que votre chat est bien st\u00e9rilis\u00e9, vaccin\u00e9 typhus coryza leucose RCP\/FeLV (Sur le carnet de sant\u00e9 : 2 vignettes par vaccin pour le laboratoire Purevax, 1 Vignette pour le vaccin Leucofeligen du laboratoire Virbac, 2 vignettes pour le vaccin Leucogen et Rcp du laboratoire Virbac), indemne de maladies contagieuses et non porteur du FIV (Sida du chat) et du FeLV (Leucose).<\/li><\/ul>\n\n\n\n<p>Nous reviendrons rapidement vers vous une fois ces informations re\u00e7ues.<\/p>\n\n\n\n<p><\/p>\n\n\n\n<iframe loading=\"lazy\" src=\"https:\/\/docs.google.com\/forms\/d\/e\/1FAIpQLSdx4XVWFsbRZxvh5lo6F6Ry_kI8aoci08rjUFzIvpJ9Qu04qg\/viewform?embedded=true\" width=\"640\" height=\"3414\" frameborder=\"0\" marginheight=\"0\" marginwidth=\"0\">Chargement\u2026<\/iframe>\n\n\n\n<p><\/p>\n","protected":false},"excerpt":{"rendered":"<p>Pour accueillir vos chats \u00e0 leurs arriv\u00e9es, la pension est ouverte les lundis, mercredis, vendredis de 17h00 \u00e0 18h30 sur rendez-vous et le samedi de 15h30 \u00e0 17h00 sur rendez-vous. Ferm\u00e9 les dimanches et les jours f\u00e9ri\u00e9s. Les ouvertures exceptionnelles et nos cong\u00e9s sont mentionn\u00e9s \u00e0 la page : http:\/\/www.pensionchatlandes.fr\/index.php\/horaires-de-la-pension-chat\/ Pour rappel les arriv\u00e9es \u00e0 &hellip; <a href=\"https:\/\/www.pensionchatlandes.fr\/index.php\/reservation-pension-chats-landes\/\" class=\"more-link\">Continue reading<span class=\"screen-reader-text\"> \u00ab\u00a0Formulaire de demande de r\u00e9servation\u00a0\u00bb<\/span><\/a><\/p>\n","protected":false},"author":1,"featured_media":501,"parent":0,"menu_order":0,"comment_status":"closed","ping_status":"closed","template":"","meta":{"footnotes":""},"class_list":["post-9","page","type-page","status-publish","has-post-thumbnail","hentry"],"_links":{"self":[{"href":"https:\/\/www.pensionchatlandes.fr\/index.php\/wp-json\/wp\/v2\/pages\/9","targetHints":{"allow":["GET"]}}],"collection":[{"href":"https:\/\/www.pensionchatlandes.fr\/index.php\/wp-json\/wp\/v2\/pages"}],"about":[{"href":"https:\/\/www.pensionchatlandes.fr\/index.php\/wp-json\/wp\/v2\/types\/page"}],"author":[{"embeddable":true,"href":"https:\/\/www.pensionchatlandes.fr\/index.php\/wp-json\/wp\/v2\/users\/1"}],"replies":[{"embeddable":true,"href":"https:\/\/www.pensionchatlandes.fr\/index.php\/wp-json\/wp\/v2\/comments?post=9"}],"version-history":[{"count":16,"href":"https:\/\/www.pensionchatlandes.fr\/index.php\/wp-json\/wp\/v2\/pages\/9\/revisions"}],"predecessor-version":[{"id":2360,"href":"https:\/\/www.pensionchatlandes.fr\/index.php\/wp-json\/wp\/v2\/pages\/9\/revisions\/2360"}],"wp:featuredmedia":[{"embeddable":true,"href":"https:\/\/www.pensionchatlandes.fr\/index.php\/wp-json\/wp\/v2\/media\/501"}],"wp:attachment":[{"href":"https:\/\/www.pensionchatlandes.fr\/index.php\/wp-json\/wp\/v2\/media?parent=9"}],"curies":[{"name":"wp","href":"https:\/\/api.w.org\/{rel}","templated":true}]}}