{"id":93,"date":"2020-02-13T17:36:08","date_gmt":"2020-02-13T16:36:08","guid":{"rendered":"http:\/\/www.pensionchatlandes.fr\/?page_id=93"},"modified":"2025-09-17T11:38:41","modified_gmt":"2025-09-17T09:38:41","slug":"horaires-de-la-pension-chat","status":"publish","type":"page","link":"https:\/\/www.pensionchatlandes.fr\/index.php\/horaires-de-la-pension-chat\/","title":{"rendered":"Horaires"},"content":{"rendered":"\n<p>Pour accueillir vos chats \u00e0 leurs arriv\u00e9es, la pension est ouverte sur rendez-vous du lundi au vendredis de 17h00 \u00e0 18h30 et le samedi de 15h30 \u00e0 17h00 sur rendez-vous. Ferm\u00e9 les dimanches et les jours f\u00e9ri\u00e9s. Les fermetures compl\u00e8tes pour cong\u00e9s et fermetures exceptionnelles \u00e0 l&rsquo;accueil des clients sont mentionn\u00e9es dans le paragraphe suivant, merci d&rsquo;en prendre note avant d&rsquo;effectuer vos demandes \ud83d\ude09<\/p>\n\n\n\n<p><strong>N.B<\/strong> : Il est toutefois possible avec un suppl\u00e9ment au tarif d&rsquo;une nuit, \u00e0 choisir lors de la r\u00e9servation, de d\u00e9poser votre chat ces m\u00eames matin sur rendez-vous de 10h00 \u00e0 11h45.<\/p>\n\n\n\n<p class=\"has-color-2-color has-text-color\"><mark style=\"background-color:rgba(0, 0, 0, 0);color:#0f0f0f\" class=\"has-inline-color\">Pour r\u00e9cup\u00e9rer vos chats, les d\u00e9parts se font du lundi au samedi de 10h00 \u00e0 11h45 sur rendez-vous. <\/mark><\/p>\n\n\n\n<p class=\"has-color-2-color has-text-color\"><mark style=\"background-color:rgba(0, 0, 0, 0);color:#0f0f0f\" class=\"has-inline-color\"> <\/mark><strong>N.B<\/strong> : possibilit\u00e9 avec un suppl\u00e9ment au tarif d&rsquo;une nuit, \u00e0 choisir lors de la r\u00e9servation, de r\u00e9cup\u00e9rer votre chat l&rsquo;apr\u00e8s-midi sur rendez-vous de 17h00 \u00e0 18h30 du lundi au vendredis et de 15h30 \u00e0 17h00 les samedis. Ferm\u00e9 les dimanches et les jours f\u00e9ri\u00e9s. Les fermetures pour cong\u00e9s sont mentionn\u00e9es dans le paragraphe suivant.<\/p>\n\n\n\n<p>Pour les demandes de visites de la pension, dans l&rsquo;objectif de mettre plus tard votre chat en pension, merci de prendre rendez-vous au 07.54.37.57.95 et de vous munir de son carnet de sant\u00e9 lors de votre venue.<\/p>\n\n\n\n<figure class=\"wp-block-image size-large\"><img loading=\"lazy\" decoding=\"async\" width=\"1024\" height=\"576\" src=\"https:\/\/www.pensionchatlandes.fr\/wp-content\/uploads\/2020\/07\/ch-03-pompon-02-1024x576.jpg\" alt=\"\" class=\"wp-image-470\" srcset=\"https:\/\/www.pensionchatlandes.fr\/wp-content\/uploads\/2020\/07\/ch-03-pompon-02-1024x576.jpg 1024w, https:\/\/www.pensionchatlandes.fr\/wp-content\/uploads\/2020\/07\/ch-03-pompon-02-300x169.jpg 300w, https:\/\/www.pensionchatlandes.fr\/wp-content\/uploads\/2020\/07\/ch-03-pompon-02-768x432.jpg 768w, https:\/\/www.pensionchatlandes.fr\/wp-content\/uploads\/2020\/07\/ch-03-pompon-02-1536x864.jpg 1536w, https:\/\/www.pensionchatlandes.fr\/wp-content\/uploads\/2020\/07\/ch-03-pompon-02-2048x1152.jpg 2048w, https:\/\/www.pensionchatlandes.fr\/wp-content\/uploads\/2020\/07\/ch-03-pompon-02-995x560.jpg 995w, https:\/\/www.pensionchatlandes.fr\/wp-content\/uploads\/2020\/07\/ch-03-pompon-02-2000x1125.jpg 2000w\" sizes=\"auto, (max-width: 1024px) 100vw, 1024px\" \/><figcaption class=\"wp-element-caption\">Pompon, notre premier pensionnaire \u00e0 avoir retrouv\u00e9 sa famille.<\/figcaption><\/figure>\n\n\n\n<p>Comme dans un h\u00f4tel il faut que nous puissions nettoyer et d\u00e9sinfecter la chambre pour le pensionnaire qui arrivera en suivant dans l&rsquo;apr\u00e8s-midi, c&rsquo;est pour cette raison qu&rsquo;il faut que la chambre soit lib\u00e9r\u00e9e avant midi.<\/p>\n\n\n\n<p>N.B : la pension est ferm\u00e9e \u00e0 la client\u00e8le les dimanches et jours f\u00e9ri\u00e9s, mais nous assurons la garde et les soins de nos pensionnaires.<\/p>\n\n\n\n<p><\/p>\n\n\n\n<h2 class=\"wp-block-heading\">Fermetures 2025 -2026  <\/h2>\n\n\n\n<p><strong>Fermetures compl\u00e8tes pour cong\u00e9s 2025 et 2026<\/strong> (aucun s\u00e9jour ne pourra avoir lieu durant ces dates) :<\/p>\n\n\n\n<ul class=\"wp-block-list\">\n<li>Ferm\u00e9 \u00e0 partir du samedi 29 novembre 2025 fin de matin\u00e9e jusqu\u2019au dimanche 7 d\u00e9cembre 2025 inclus, r\u00e9ouverte le lundi 8 d\u00e9cembre 2025 matin.<\/li>\n\n\n\n<li>Ferm\u00e9 \u00e0 partir du mercredi 11 mars 2026 fin de matin\u00e9e jusqu&rsquo;au lundi 16 mars 2026 inclus, r\u00e9ouverture le mardi 17 mars 2026 matin.<\/li>\n\n\n\n<li>Ferm\u00e9 \u00e0 partir du samedi 6 juin 2026 fin de matin\u00e9e jusqu&rsquo;au dimanche 14 juin 2026 inclus, r\u00e9ouverture le lundi 15 juin 2026 matin.<\/li>\n\n\n\n<li>Ferm\u00e9 \u00e0 partir du samedi 5 septembre 2026 fin de matin\u00e9e jusqu&rsquo;au dimanche 13 septembre 2026 inclus, r\u00e9ouverture le lundi 14 septembre 2026 matin.<\/li>\n\n\n\n<li>Ferm\u00e9 \u00e0 partir du mercredi 25 novembre 2026 fin de matin\u00e9e jusqu&rsquo;au mardi 1 d\u00e9cembre 2026 inclus, r\u00e9ouverture le mercredi 2 d\u00e9cembre 2026 matin.<\/li>\n<\/ul>\n\n\n\n<p><strong>Fermetures exceptionnelles \u00e0 l&rsquo;accueil des clients en 2025 et 2026<\/strong> (les s\u00e9jours continuent durant cette p\u00e9riode, il n&rsquo;est simplement pas possible de d\u00e9poser ou r\u00e9cup\u00e9rer votre (vos) chat(s) ) :<\/p>\n\n\n\n<ul class=\"wp-block-list\">\n<li>Ferm\u00e9 \u00e0 l&rsquo;accueil des clients l&rsquo;int\u00e9gralit\u00e9 des jours f\u00e9ri\u00e9s et les dimanches<\/li>\n\n\n\n<li>Ferm\u00e9 \u00e0 l&rsquo;accueil des clients le mercredi 31 d\u00e9cembre 2025<\/li>\n\n\n\n<li>Ferm\u00e9 \u00e0 l&rsquo;accueil des clients le samedi 9 mai 2026<\/li>\n\n\n\n<li>Ferm\u00e9 \u00e0 l&rsquo;accueil des clients du jeudi 14 mai au dimanche 17 mai 2026 inclus<\/li>\n\n\n\n<li>Ferm\u00e9 \u00e0 l&rsquo;accueil des clients du samedi 23 mai au lundi 25 mai 2026<\/li>\n\n\n\n<li>Ferm\u00e9 \u00e0 l&rsquo;accueil des clients du jeudi 31 d\u00e9cembre 2026 au vendredi 1 janvier 2027 inclus.<\/li>\n<\/ul>\n\n\n\n<p><\/p>\n","protected":false},"excerpt":{"rendered":"<p>Pour accueillir vos chats \u00e0 leurs arriv\u00e9es, la pension est ouverte sur rendez-vous du lundi au vendredis de 17h00 \u00e0 18h30 et le samedi de 15h30 \u00e0 17h00 sur rendez-vous. Ferm\u00e9 les dimanches et les jours f\u00e9ri\u00e9s. Les fermetures compl\u00e8tes pour cong\u00e9s et fermetures exceptionnelles \u00e0 l&rsquo;accueil des clients sont mentionn\u00e9es dans le paragraphe suivant, &hellip; <a href=\"https:\/\/www.pensionchatlandes.fr\/index.php\/horaires-de-la-pension-chat\/\" class=\"more-link\">Continue reading<span class=\"screen-reader-text\"> \u00ab\u00a0Horaires\u00a0\u00bb<\/span><\/a><\/p>\n","protected":false},"author":1,"featured_media":493,"parent":0,"menu_order":0,"comment_status":"closed","ping_status":"closed","template":"","meta":{"footnotes":""},"class_list":["post-93","page","type-page","status-publish","has-post-thumbnail","hentry"],"_links":{"self":[{"href":"https:\/\/www.pensionchatlandes.fr\/index.php\/wp-json\/wp\/v2\/pages\/93","targetHints":{"allow":["GET"]}}],"collection":[{"href":"https:\/\/www.pensionchatlandes.fr\/index.php\/wp-json\/wp\/v2\/pages"}],"about":[{"href":"https:\/\/www.pensionchatlandes.fr\/index.php\/wp-json\/wp\/v2\/types\/page"}],"author":[{"embeddable":true,"href":"https:\/\/www.pensionchatlandes.fr\/index.php\/wp-json\/wp\/v2\/users\/1"}],"replies":[{"embeddable":true,"href":"https:\/\/www.pensionchatlandes.fr\/index.php\/wp-json\/wp\/v2\/comments?post=93"}],"version-history":[{"count":18,"href":"https:\/\/www.pensionchatlandes.fr\/index.php\/wp-json\/wp\/v2\/pages\/93\/revisions"}],"predecessor-version":[{"id":2373,"href":"https:\/\/www.pensionchatlandes.fr\/index.php\/wp-json\/wp\/v2\/pages\/93\/revisions\/2373"}],"wp:featuredmedia":[{"embeddable":true,"href":"https:\/\/www.pensionchatlandes.fr\/index.php\/wp-json\/wp\/v2\/media\/493"}],"wp:attachment":[{"href":"https:\/\/www.pensionchatlandes.fr\/index.php\/wp-json\/wp\/v2\/media?parent=93"}],"curies":[{"name":"wp","href":"https:\/\/api.w.org\/{rel}","templated":true}]}}